{"id":314,"date":"2018-01-26T11:58:50","date_gmt":"2018-01-26T11:58:50","guid":{"rendered":"https:\/\/zadnjanada.com\/?page_id=314"},"modified":"2023-10-17T14:58:27","modified_gmt":"2023-10-17T13:58:27","slug":"oautoru","status":"publish","type":"page","link":"https:\/\/zadnjanada.com\/index.php\/oautoru\/","title":{"rendered":"O autoru"},"content":{"rendered":"<section class=\"wpb-content-wrapper\"><p>[vc_row full_width=&#8221;stretch_row&#8221; hide_bg_image_on_tablet=&#8221;1&#8243; hide_bg_image_on_mobile=&#8221;1&#8243; css=&#8221;.vc_custom_1522153891227{background: #f2e0c8 url(https:\/\/zadnjanada.com\/wp-content\/uploads\/2018\/01\/img92.jpg?id=544) !important;background-position: top left !important;background-repeat: no-repeat !important;}&#8221;][vc_column icons_position=&#8221;left&#8221;][vc_empty_space height=&#8221;8.1rem&#8221; hide_on_desktop=&#8221;&#8221; hide_on_notebook=&#8221;&#8221; hide_on_tablet=&#8221;&#8221; hide_on_mobile=&#8221;&#8221;][\/vc_column][vc_column width=&#8221;1\/2&#8243; hide_bg_image_on_tablet=&#8221;&#8221; hide_bg_image_on_mobile=&#8221;&#8221; icons_position=&#8221;left&#8221; css=&#8221;.vc_custom_1521556308493{background-size: cover !important;}&#8221;][vc_single_image image=&#8221;1444&#8243; img_size=&#8221;600&#215;600&#8243; style=&#8221;vc_box_rounded&#8221;]<div class=\"sc_content_wrap sc_push_large\"><div id=\"sc_content_1300810619\"\n\t\tclass=\"sc_content color_style_default sc_content_default sc_float_center\"><div class=\"sc_content_container\">[vc_empty_space height=&#8221;8rem&#8221; hide_on_desktop=&#8221;&#8221; hide_on_notebook=&#8221;&#8221; hide_on_tablet=&#8221;&#8221; hide_on_mobile=&#8221;1&#8243;][vc_empty_space height=&#8221;8rem&#8221; hide_on_desktop=&#8221;&#8221; hide_on_notebook=&#8221;&#8221; hide_on_tablet=&#8221;&#8221; hide_on_mobile=&#8221;1&#8243;][vc_empty_space height=&#8221;8rem&#8221; hide_on_desktop=&#8221;&#8221; hide_on_notebook=&#8221;&#8221; hide_on_tablet=&#8221;&#8221; hide_on_mobile=&#8221;1&#8243;]<\/div><\/div><!-- \/.sc_content --><\/div><!-- \/.sc_content_wrap -->[\/vc_column][vc_column width=&#8221;1\/2&#8243; icons_position=&#8221;left&#8221; offset=&#8221;vc_col-md-offset-1 vc_col-md-5&#8243;][vc_empty_space height=&#8221;3.3rem&#8221; hide_on_desktop=&#8221;&#8221; hide_on_notebook=&#8221;&#8221; hide_on_tablet=&#8221;&#8221; hide_on_mobile=&#8221;&#8221;]<div id=\"sc_title_1510095892\"\n\t\tclass=\"sc_title color_style_default sc_title_default  vc_custom_1697551104317\"><h6 class=\"sc_item_subtitle sc_title_subtitle sc_align_left sc_item_title_style_default\">Nemanja Ranitovi\u0107<\/h6><h2 class=\"sc_item_title sc_title_title sc_align_left sc_item_title_style_default\">O autoru<\/h2><div class=\"sc_item_descr sc_title_descr sc_align_left\"><p>Nemanja Ranitovi\u0107 ro\u0111en je u Bijelom Polju 1996 godine i autor je knjige \"Zadnja nada Lermund kraljevstva\". Ispri\u010dao je pri\u010du koja \u0107e \u010ditaoca dr\u017eati za srce i za misao.<br \/>\nZavr\u0161io je fakultet engleskog jezika i knji\u017eevnosti u Podgorici a fakultet za turisti\u010dkog vodi\u010da u Budvi, kao i grafi\u010dki dizajn u Beogradu, stekao je zvanje za IT Proffesional Support i Cybersecurity Specialist u Americi.<\/p>\n<\/div><div class=\"sc_item_button sc_button_wrap sc_align_left\"><a href=\"https:\/\/www.patreon.com\/ZadnjanadaLermundkraljevstva\/shop\/zadnja-nada-lermund-kraljevstva-34228?utm_medium=clipboard_copy&#038;utm_source=copyLink&#038;utm_campaign=productshare_creator&#038;utm_content=join_link\" id=\"sc_button_1726053492\" class=\"sc_button color_style_default sc_button_default sc_item_button sc_item_button_default sc_title_button sc_button_size_normal sc_button_icon_left\"><span class=\"sc_button_text\"><span class=\"sc_button_title\">Kupi Knjigu<\/span><\/span><!-- \/.sc_button_text --><\/a><!-- \/.sc_button --><\/div><!-- \/.sc_item_button --><\/div><!-- \/.sc_title -->[\/vc_column][\/vc_row][vc_row full_width=&#8221;stretch_row_content_no_spaces&#8221;][vc_column hide_bg_image_on_tablet=&#8221;&#8221; hide_bg_image_on_mobile=&#8221;&#8221; icons_position=&#8221;left&#8221; css=&#8221;.vc_custom_1523514821234{margin-bottom: -1px !important;}&#8221;][vc_single_image image=&#8221;477&#8243; img_size=&#8221;full&#8221; alignment=&#8221;center&#8221;][\/vc_column][\/vc_row][vc_row full_width=&#8221;stretch_row&#8221; hide_bg_image_on_tablet=&#8221;&#8221; hide_bg_image_on_mobile=&#8221;&#8221; css=&#8221;.vc_custom_1521468204806{margin-top: -1px !important;background-color: #e8d3b6 !important;}&#8221;][vc_column icons_position=&#8221;left&#8221;][vc_empty_space height=&#8221;10rem&#8221; hide_on_desktop=&#8221;&#8221; hide_on_notebook=&#8221;&#8221; hide_on_tablet=&#8221;&#8221; hide_on_mobile=&#8221;&#8221;]<div id=\"sc_title_902254605\"\n\t\tclass=\"sc_title color_style_default sc_title_default\"><h6 class=\"sc_item_subtitle sc_title_subtitle sc_align_center sc_item_title_style_default\">Nemanja Ranitovi\u0107<\/h6><h2 class=\"sc_item_title sc_title_title sc_align_center sc_item_title_style_default\">Kontakt<\/h2><\/div><!-- \/.sc_title -->[vc_empty_space height=&#8221;3rem&#8221; hide_on_desktop=&#8221;&#8221; hide_on_notebook=&#8221;&#8221; hide_on_tablet=&#8221;&#8221; hide_on_mobile=&#8221;&#8221;]<div id=\"sc_content_660368426\"\n\t\tclass=\"sc_content color_style_default sc_content_light sc_float_center\"><div class=\"sc_content_container\">[vc_row_inner][vc_column_inner width=&#8221;7\/12&#8243; icons_position=&#8221;left&#8221;]<div id=\"sc_googlemap_2042530138_wrap\" class=\"sc_googlemap_wrap\"><div id=\"sc_googlemap_2042530138\"\n\t\t\tclass=\"sc_googlemap sc_googlemap_default trx_addons_inline_153156214\"\n\t\t\t\t\t\tdata-zoom=\"16\"\n\t\t\tdata-style=\"dark\"\n\t\t\tdata-cluster-icon=\"\"\n        ><iframe\n                    src=\"https:\/\/maps.google.com\/maps?t=m&output=embed&iwloc=near&z=16&q=Voja+Lje%C5%A1njaka%2C+Bijelo+Polje\"\n                    scrolling=\"no\"\n                    marginheight=\"0\"\n                    marginwidth=\"0\"\n                    frameborder=\"0\"\n                    aria-label=\"\"><\/iframe><\/div><\/div><!-- \/.sc_googlemap_wrap -->[\/vc_column_inner][vc_column_inner width=&#8221;5\/12&#8243; icons_position=&#8221;left&#8221;]<div id=\"sc_icons_441059374\" \n\tclass=\"sc_icons sc_icons_default sc_icons_size_small sc_align_left\"><div class=\"sc_icons_item\"><h4 class=\"sc_icons_item_title\"><span>Adresa<\/span><\/h4><div class=\"sc_icons_item_description\"><span>Voja Lje\u0161njaka<\/span><\/div><\/div><div class=\"sc_icons_item\"><h4 class=\"sc_icons_item_title\"><span>Broj telefona<\/span><\/h4><div class=\"sc_icons_item_description\"><span><a href=\"tel:068 785 492\">068 785 492<\/a><\/span><\/div><\/div><div class=\"sc_icons_item\"><h4 class=\"sc_icons_item_title\"><span>E-mail<\/span><\/h4><div class=\"sc_icons_item_description\"><span><a href=\"mailto:nemanjaranitovic5@gmail.com\">nemanjaranitovic5@gmail.com<\/a><\/span><\/div><\/div><\/div><!-- \/.sc_icons -->[\/vc_column_inner][\/vc_row_inner]<\/div><\/div><!-- \/.sc_content -->[vc_empty_space height=&#8221;8rem&#8221; hide_on_desktop=&#8221;&#8221; hide_on_notebook=&#8221;&#8221; hide_on_tablet=&#8221;&#8221; hide_on_mobile=&#8221;&#8221;][\/vc_column][\/vc_row]<\/p>\n<\/section>","protected":false},"excerpt":{"rendered":"<p>[vc_row full_width=&#8221;stretch_row&#8221; hide_bg_image_on_tablet=&#8221;1&#8243; hide_bg_image_on_mobile=&#8221;1&#8243; css=&#8221;.vc_custom_1522153891227{background: #f2e0c8 url(https:\/\/zadnjanada.com\/wp-content\/uploads\/2018\/01\/img92.jpg?id=544) !important;background-position: top left !important;background-repeat: no-repeat !important;}&#8221;][vc_column icons_position=&#8221;left&#8221;][vc_empty_space height=&#8221;8.1rem&#8221; hide_on_desktop=&#8221;&#8221; hide_on_notebook=&#8221;&#8221; hide_on_tablet=&#8221;&#8221; hide_on_mobile=&#8221;&#8221;][\/vc_column][vc_column width=&#8221;1\/2&#8243; hide_bg_image_on_tablet=&#8221;&#8221; hide_bg_image_on_mobile=&#8221;&#8221; icons_position=&#8221;left&#8221; css=&#8221;.vc_custom_1521556308493{background-size: cover !important;}&#8221;][vc_single_image image=&#8221;1444&#8243; img_size=&#8221;600&#215;600&#8243; style=&#8221;vc_box_rounded&#8221;][\/vc_column][vc_column width=&#8221;1\/2&#8243; icons_position=&#8221;left&#8221; offset=&#8221;vc_col-md-offset-1 vc_col-md-5&#8243;][vc_empty_space height=&#8221;3.3rem&#8221; hide_on_desktop=&#8221;&#8221;&hellip;<\/p>\n","protected":false},"author":1,"featured_media":0,"parent":0,"menu_order":0,"comment_status":"closed","ping_status":"closed","template":"","meta":{"footnotes":""},"yoast_head":"<!-- This site is optimized with the Yoast SEO plugin v21.7 - https:\/\/yoast.com\/wordpress\/plugins\/seo\/ -->\n<title>O autoru - Zadnja Nada<\/title>\n<meta name=\"robots\" content=\"index, follow, max-snippet:-1, max-image-preview:large, max-video-preview:-1\" \/>\n<link rel=\"canonical\" href=\"https:\/\/zadnjanada.com\/index.php\/oautoru\/\" \/>\n<meta property=\"og:locale\" content=\"en_US\" \/>\n<meta property=\"og:type\" content=\"article\" \/>\n<meta property=\"og:title\" content=\"O autoru - Zadnja Nada\" \/>\n<meta property=\"og:description\" content=\"[vc_row full_width=&#8221;stretch_row&#8221; hide_bg_image_on_tablet=&#8221;1&#8243; hide_bg_image_on_mobile=&#8221;1&#8243; css=&#8221;.vc_custom_1522153891227{background: #f2e0c8 url(https:\/\/zadnjanada.com\/wp-content\/uploads\/2018\/01\/img92.jpg?id=544) !important;background-position: top left !important;background-repeat: no-repeat !important;}&#8221;][vc_column icons_position=&#8221;left&#8221;][vc_empty_space height=&#8221;8.1rem&#8221; hide_on_desktop=&#8221;&#8221; hide_on_notebook=&#8221;&#8221; hide_on_tablet=&#8221;&#8221; hide_on_mobile=&#8221;&#8221;][\/vc_column][vc_column width=&#8221;1\/2&#8243; hide_bg_image_on_tablet=&#8221;&#8221; hide_bg_image_on_mobile=&#8221;&#8221; icons_position=&#8221;left&#8221; css=&#8221;.vc_custom_1521556308493{background-size: cover !important;}&#8221;][vc_single_image image=&#8221;1444&#8243; img_size=&#8221;600&#215;600&#8243; style=&#8221;vc_box_rounded&#8221;][\/vc_column][vc_column width=&#8221;1\/2&#8243; icons_position=&#8221;left&#8221; offset=&#8221;vc_col-md-offset-1 vc_col-md-5&#8243;][vc_empty_space height=&#8221;3.3rem&#8221; hide_on_desktop=&#8221;&#8221;&hellip;\" \/>\n<meta property=\"og:url\" content=\"https:\/\/zadnjanada.com\/index.php\/oautoru\/\" \/>\n<meta property=\"og:site_name\" content=\"Zadnja Nada\" \/>\n<meta property=\"article:modified_time\" content=\"2023-10-17T13:58:27+00:00\" \/>\n<meta name=\"twitter:card\" content=\"summary_large_image\" \/>\n<meta name=\"twitter:label1\" content=\"Est. reading time\" \/>\n\t<meta name=\"twitter:data1\" content=\"3 minutes\" \/>\n<script type=\"application\/ld+json\" class=\"yoast-schema-graph\">{\"@context\":\"https:\/\/schema.org\",\"@graph\":[{\"@type\":\"WebPage\",\"@id\":\"https:\/\/zadnjanada.com\/index.php\/oautoru\/\",\"url\":\"https:\/\/zadnjanada.com\/index.php\/oautoru\/\",\"name\":\"O autoru - Zadnja Nada\",\"isPartOf\":{\"@id\":\"https:\/\/zadnjanada.com\/#website\"},\"datePublished\":\"2018-01-26T11:58:50+00:00\",\"dateModified\":\"2023-10-17T13:58:27+00:00\",\"breadcrumb\":{\"@id\":\"https:\/\/zadnjanada.com\/index.php\/oautoru\/#breadcrumb\"},\"inLanguage\":\"en-US\",\"potentialAction\":[{\"@type\":\"ReadAction\",\"target\":[\"https:\/\/zadnjanada.com\/index.php\/oautoru\/\"]}]},{\"@type\":\"BreadcrumbList\",\"@id\":\"https:\/\/zadnjanada.com\/index.php\/oautoru\/#breadcrumb\",\"itemListElement\":[{\"@type\":\"ListItem\",\"position\":1,\"name\":\"Home\",\"item\":\"https:\/\/zadnjanada.com\/\"},{\"@type\":\"ListItem\",\"position\":2,\"name\":\"O autoru\"}]},{\"@type\":\"WebSite\",\"@id\":\"https:\/\/zadnjanada.com\/#website\",\"url\":\"https:\/\/zadnjanada.com\/\",\"name\":\"Zadnja Nada\",\"description\":\"Nemanja Ranitovi\u0107\",\"publisher\":{\"@id\":\"https:\/\/zadnjanada.com\/#organization\"},\"potentialAction\":[{\"@type\":\"SearchAction\",\"target\":{\"@type\":\"EntryPoint\",\"urlTemplate\":\"https:\/\/zadnjanada.com\/?s={search_term_string}\"},\"query-input\":\"required name=search_term_string\"}],\"inLanguage\":\"en-US\"},{\"@type\":\"Organization\",\"@id\":\"https:\/\/zadnjanada.com\/#organization\",\"name\":\"Zadnja Nada\",\"url\":\"https:\/\/zadnjanada.com\/\",\"logo\":{\"@type\":\"ImageObject\",\"inLanguage\":\"en-US\",\"@id\":\"https:\/\/zadnjanada.com\/#\/schema\/logo\/image\/\",\"url\":\"https:\/\/zadnjanada.com\/wp-content\/uploads\/2023\/09\/zadnja-nada-logo.png\",\"contentUrl\":\"https:\/\/zadnjanada.com\/wp-content\/uploads\/2023\/09\/zadnja-nada-logo.png\",\"width\":1080,\"height\":303,\"caption\":\"Zadnja Nada\"},\"image\":{\"@id\":\"https:\/\/zadnjanada.com\/#\/schema\/logo\/image\/\"}}]}<\/script>\n<!-- \/ Yoast SEO plugin. -->","yoast_head_json":{"title":"O autoru - Zadnja Nada","robots":{"index":"index","follow":"follow","max-snippet":"max-snippet:-1","max-image-preview":"max-image-preview:large","max-video-preview":"max-video-preview:-1"},"canonical":"https:\/\/zadnjanada.com\/index.php\/oautoru\/","og_locale":"en_US","og_type":"article","og_title":"O autoru - Zadnja Nada","og_description":"[vc_row full_width=&#8221;stretch_row&#8221; hide_bg_image_on_tablet=&#8221;1&#8243; hide_bg_image_on_mobile=&#8221;1&#8243; css=&#8221;.vc_custom_1522153891227{background: #f2e0c8 url(https:\/\/zadnjanada.com\/wp-content\/uploads\/2018\/01\/img92.jpg?id=544) !important;background-position: top left !important;background-repeat: no-repeat !important;}&#8221;][vc_column icons_position=&#8221;left&#8221;][vc_empty_space height=&#8221;8.1rem&#8221; hide_on_desktop=&#8221;&#8221; hide_on_notebook=&#8221;&#8221; hide_on_tablet=&#8221;&#8221; hide_on_mobile=&#8221;&#8221;][\/vc_column][vc_column width=&#8221;1\/2&#8243; hide_bg_image_on_tablet=&#8221;&#8221; hide_bg_image_on_mobile=&#8221;&#8221; icons_position=&#8221;left&#8221; css=&#8221;.vc_custom_1521556308493{background-size: cover !important;}&#8221;][vc_single_image image=&#8221;1444&#8243; img_size=&#8221;600&#215;600&#8243; style=&#8221;vc_box_rounded&#8221;][\/vc_column][vc_column width=&#8221;1\/2&#8243; icons_position=&#8221;left&#8221; offset=&#8221;vc_col-md-offset-1 vc_col-md-5&#8243;][vc_empty_space height=&#8221;3.3rem&#8221; hide_on_desktop=&#8221;&#8221;&hellip;","og_url":"https:\/\/zadnjanada.com\/index.php\/oautoru\/","og_site_name":"Zadnja Nada","article_modified_time":"2023-10-17T13:58:27+00:00","twitter_card":"summary_large_image","twitter_misc":{"Est. reading time":"3 minutes"},"schema":{"@context":"https:\/\/schema.org","@graph":[{"@type":"WebPage","@id":"https:\/\/zadnjanada.com\/index.php\/oautoru\/","url":"https:\/\/zadnjanada.com\/index.php\/oautoru\/","name":"O autoru - Zadnja Nada","isPartOf":{"@id":"https:\/\/zadnjanada.com\/#website"},"datePublished":"2018-01-26T11:58:50+00:00","dateModified":"2023-10-17T13:58:27+00:00","breadcrumb":{"@id":"https:\/\/zadnjanada.com\/index.php\/oautoru\/#breadcrumb"},"inLanguage":"en-US","potentialAction":[{"@type":"ReadAction","target":["https:\/\/zadnjanada.com\/index.php\/oautoru\/"]}]},{"@type":"BreadcrumbList","@id":"https:\/\/zadnjanada.com\/index.php\/oautoru\/#breadcrumb","itemListElement":[{"@type":"ListItem","position":1,"name":"Home","item":"https:\/\/zadnjanada.com\/"},{"@type":"ListItem","position":2,"name":"O autoru"}]},{"@type":"WebSite","@id":"https:\/\/zadnjanada.com\/#website","url":"https:\/\/zadnjanada.com\/","name":"Zadnja Nada","description":"Nemanja Ranitovi\u0107","publisher":{"@id":"https:\/\/zadnjanada.com\/#organization"},"potentialAction":[{"@type":"SearchAction","target":{"@type":"EntryPoint","urlTemplate":"https:\/\/zadnjanada.com\/?s={search_term_string}"},"query-input":"required name=search_term_string"}],"inLanguage":"en-US"},{"@type":"Organization","@id":"https:\/\/zadnjanada.com\/#organization","name":"Zadnja Nada","url":"https:\/\/zadnjanada.com\/","logo":{"@type":"ImageObject","inLanguage":"en-US","@id":"https:\/\/zadnjanada.com\/#\/schema\/logo\/image\/","url":"https:\/\/zadnjanada.com\/wp-content\/uploads\/2023\/09\/zadnja-nada-logo.png","contentUrl":"https:\/\/zadnjanada.com\/wp-content\/uploads\/2023\/09\/zadnja-nada-logo.png","width":1080,"height":303,"caption":"Zadnja Nada"},"image":{"@id":"https:\/\/zadnjanada.com\/#\/schema\/logo\/image\/"}}]}},"_links":{"self":[{"href":"https:\/\/zadnjanada.com\/index.php\/wp-json\/wp\/v2\/pages\/314"}],"collection":[{"href":"https:\/\/zadnjanada.com\/index.php\/wp-json\/wp\/v2\/pages"}],"about":[{"href":"https:\/\/zadnjanada.com\/index.php\/wp-json\/wp\/v2\/types\/page"}],"author":[{"embeddable":true,"href":"https:\/\/zadnjanada.com\/index.php\/wp-json\/wp\/v2\/users\/1"}],"replies":[{"embeddable":true,"href":"https:\/\/zadnjanada.com\/index.php\/wp-json\/wp\/v2\/comments?post=314"}],"version-history":[{"count":30,"href":"https:\/\/zadnjanada.com\/index.php\/wp-json\/wp\/v2\/pages\/314\/revisions"}],"predecessor-version":[{"id":1455,"href":"https:\/\/zadnjanada.com\/index.php\/wp-json\/wp\/v2\/pages\/314\/revisions\/1455"}],"wp:attachment":[{"href":"https:\/\/zadnjanada.com\/index.php\/wp-json\/wp\/v2\/media?parent=314"}],"curies":[{"name":"wp","href":"https:\/\/api.w.org\/{rel}","templated":true}]}}