{"id":299,"date":"2018-01-26T10:11:00","date_gmt":"2018-01-26T10:11:00","guid":{"rendered":"https:\/\/zadnjanada.com\/?page_id=299"},"modified":"2023-10-17T15:07:39","modified_gmt":"2023-10-17T14:07:39","slug":"opisknjige","status":"publish","type":"page","link":"https:\/\/zadnjanada.com\/index.php\/opisknjige\/","title":{"rendered":"Opis knjige"},"content":{"rendered":"<section class=\"wpb-content-wrapper\"><p>[vc_row][vc_column icons_position=&#8221;left&#8221;][vc_empty_space height=&#8221;8.1rem&#8221; hide_on_desktop=&#8221;&#8221; hide_on_notebook=&#8221;&#8221; hide_on_tablet=&#8221;&#8221; hide_on_mobile=&#8221;&#8221;]<div  id=\"sc_promo_1506967949\" \n\tclass=\"sc_promo color_style_default sc_promo_default sc_promo_size_normal sc_promo_image_position_right\"><div class=\"sc_promo_image\" style=\"background-image:url(https:\/\/zadnjanada.com\/wp-content\/uploads\/2023\/09\/IMG_1571.jpeg);width:50%;right: 0;\"><\/div><!-- \/.sc_promo_image --><div class=\"sc_promo_text\" style=\"width: 50%;float: left;\">\n\t\t\t<div class=\"sc_promo_text_inner trx_addons_inline_631973946\"><h6 class=\"sc_item_subtitle sc_promo_subtitle sc_align_left sc_item_title_style_default\">Zadnja nada Lermund kraljevstva<\/h6><h1 class=\"sc_item_title sc_promo_title sc_align_left sc_item_title_style_default sc_item_title_tag\">Opis knjige<\/h1><div class=\"sc_item_descr sc_promo_descr sc_align_left\"><p>U srcu epske pri\u010de 'Zadnja nada Lermund kraljevstva', le\u017ei tajanstvena sudbina mladog Tristana, ro\u0111enog izme\u0111u tajni i obmana. Na svoj osamnaesti ro\u0111endan, Tristan saznaje \u0161okantnu istinu da je zapravo sin kraljice Izabele, koja je dugo vremena zato\u010dena. Spa\u0161en od sigurne smrti kao dijete zahvaljuju\u0107i odanoj slu\u017eavki, njegova sudbina je nepovratno promijenjena. Kako se Tristan upu\u0161ta u avanturu koja odu\u0161evljava \u010ditatelje, otkriva svoje naslije\u0111ene mo\u0107i i hrabrost koje \u0107e mu pomo\u0107i u suo\u010davanju s izazovima i tajnama koje ga okru\u017euju. Put prema pobjedi postaje simboli\u010dna borba za istinom i pravdom.<\/p>\n<\/div><div class=\"sc_item_button sc_button_wrap sc_align_left\"><a href=\"https:\/\/www.patreon.com\/ZadnjanadaLermundkraljevstva\/shop\/zadnja-nada-lermund-kraljevstva-34228?utm_medium=clipboard_copy&#038;utm_source=copyLink&#038;utm_campaign=productshare_creator&#038;utm_content=join_link\" id=\"sc_button_344613190\" class=\"sc_button color_style_default sc_button_default sc_item_button sc_item_button_default sc_promo_button sc_button_size_normal sc_button_icon_left\"><span class=\"sc_button_text\"><span class=\"sc_button_title\">Kupi Knjigu<\/span><\/span><!-- \/.sc_button_text --><\/a><!-- \/.sc_button --><\/div><!-- \/.sc_item_button --><\/div>\n\t\t<\/div><!-- \/.sc_promo_text --><\/div><!-- \/.sc_promo -->[vc_empty_space height=&#8221;10.6rem&#8221; hide_on_desktop=&#8221;&#8221; hide_on_notebook=&#8221;&#8221; hide_on_tablet=&#8221;&#8221; hide_on_mobile=&#8221;&#8221;][\/vc_column][\/vc_row][vc_row full_width=&#8221;stretch_row_content_no_spaces&#8221;][vc_column icons_position=&#8221;left&#8221;][vc_single_image image=&#8221;477&#8243; img_size=&#8221;full&#8221; css=&#8221;.vc_custom_1521552433382{margin-bottom: -1px !important;}&#8221;][\/vc_column][\/vc_row][vc_row full_width=&#8221;stretch_row&#8221; hide_bg_image_on_tablet=&#8221;&#8221; hide_bg_image_on_mobile=&#8221;&#8221; css=&#8221;.vc_custom_1516960988849{background-color: #e8d3b6 !important;}&#8221;][vc_column icons_position=&#8221;left&#8221;][vc_empty_space height=&#8221;8.4rem&#8221; hide_on_desktop=&#8221;&#8221; hide_on_notebook=&#8221;&#8221; hide_on_tablet=&#8221;&#8221; hide_on_mobile=&#8221;&#8221;]<div id=\"sc_title_1532084471\"\n\t\tclass=\"sc_title color_style_default sc_title_default\"><h6 class=\"sc_item_subtitle sc_title_subtitle sc_align_center sc_item_title_style_default\">Zadnja nada Lermund kraljevstva<\/h6><h2 class=\"sc_item_title sc_title_title sc_align_center sc_item_title_style_default\">Karakteri<\/h2><\/div><!-- \/.sc_title -->[vc_empty_space height=&#8221;1.8rem&#8221; hide_on_desktop=&#8221;&#8221; hide_on_notebook=&#8221;&#8221; hide_on_tablet=&#8221;&#8221; hide_on_mobile=&#8221;&#8221;]<div  id=\"sc_team_950041512\"\t\tclass=\"sc_team color_style_default sc_team_short\"><h5 class=\"sc_item_title sc_team_title sc_align_center sc_item_title_style_default sc_item_title_tag\">Glavni likovi<\/h5><div class=\"sc_item_descr sc_team_descr sc_align_center\"><p>Pogledajte kako izgledaju glavni likovi iz knjige Zadnja nada Lermund kraljevstva<\/p>\n<\/div><div class=\"sc_team_columns_wrap sc_item_columns sc_item_posts_container trx_addons_columns_wrap columns_padding_bottom\"><div class=\"trx_addons_column-1_4\"><div class=\"sc_team_item no_links post-290 cpt_team type-cpt_team status-publish has-post-thumbnail hentry cpt_team_group-knights-nobles\">\n\t<div class=\"post_featured sc_team_item_thumb trx_addons_hover trx_addons_hover_style_info\"><a href=\"https:\/\/zadnjanada.com\/index.php\/team\/tristan\/\" aria-hidden=\"true\"><img loading=\"lazy\" decoding=\"async\" width=\"370\" height=\"370\" src=\"https:\/\/zadnjanada.com\/wp-content\/uploads\/2023\/09\/tristan-370x370.jpg\" class=\"attachment-trx_addons-thumb-avatar size-trx_addons-thumb-avatar wp-post-image\" alt=\"\" srcset=\"https:\/\/zadnjanada.com\/wp-content\/uploads\/2023\/09\/tristan-370x370.jpg 370w, https:\/\/zadnjanada.com\/wp-content\/uploads\/2023\/09\/tristan-300x300.jpg 300w, https:\/\/zadnjanada.com\/wp-content\/uploads\/2023\/09\/tristan-150x150.jpg 150w, https:\/\/zadnjanada.com\/wp-content\/uploads\/2023\/09\/tristan-768x768.jpg 768w, https:\/\/zadnjanada.com\/wp-content\/uploads\/2023\/09\/tristan-90x90.jpg 90w, https:\/\/zadnjanada.com\/wp-content\/uploads\/2023\/09\/tristan-180x180.jpg 180w, https:\/\/zadnjanada.com\/wp-content\/uploads\/2023\/09\/tristan-760x760.jpg 760w, https:\/\/zadnjanada.com\/wp-content\/uploads\/2023\/09\/tristan-740x740.jpg 740w, https:\/\/zadnjanada.com\/wp-content\/uploads\/2023\/09\/tristan-600x600.jpg 600w, https:\/\/zadnjanada.com\/wp-content\/uploads\/2023\/09\/tristan.jpg 1000w\" sizes=\"(max-width: 370px) 100vw, 370px\" \/><\/a><div class=\"trx_addons_hover_content\"><div class=\"sc_team_item_socials socials_wrap trx_addons_hover_info\"><\/div><\/div><div class=\"trx_addons_hover_mask\"><\/div><\/div>\t<div class=\"sc_team_item_info\">\n\t\t<div class=\"sc_team_item_header\">\n\t\t\t<h4 class=\"sc_team_item_title\"><a href=\"https:\/\/zadnjanada.com\/index.php\/team\/tristan\/\">Tristan<\/a><\/h4>\n            <div>Kraljevstvo: <span class=\"team-country\">Lermund<\/span><\/div><div>Godina: <span class=\"team-club\">18<\/span><\/div>\t\t\t<div class=\"sc_team_item_subtitle\"><\/div>\n\t\t<\/div>\n\t<\/div>\n<\/div>\n<\/div><div class=\"trx_addons_column-1_4\"><div class=\"sc_team_item no_links post-289 cpt_team type-cpt_team status-publish has-post-thumbnail hentry cpt_team_group-knights-nobles\">\n\t<div class=\"post_featured sc_team_item_thumb trx_addons_hover trx_addons_hover_style_info\"><a href=\"https:\/\/zadnjanada.com\/index.php\/team\/rovena\/\" aria-hidden=\"true\"><img loading=\"lazy\" decoding=\"async\" width=\"370\" height=\"370\" src=\"https:\/\/zadnjanada.com\/wp-content\/uploads\/2023\/09\/rovena-370x370.jpg\" class=\"attachment-trx_addons-thumb-avatar size-trx_addons-thumb-avatar wp-post-image\" alt=\"\" srcset=\"https:\/\/zadnjanada.com\/wp-content\/uploads\/2023\/09\/rovena-370x370.jpg 370w, https:\/\/zadnjanada.com\/wp-content\/uploads\/2023\/09\/rovena-300x300.jpg 300w, https:\/\/zadnjanada.com\/wp-content\/uploads\/2023\/09\/rovena-150x150.jpg 150w, https:\/\/zadnjanada.com\/wp-content\/uploads\/2023\/09\/rovena-768x768.jpg 768w, https:\/\/zadnjanada.com\/wp-content\/uploads\/2023\/09\/rovena-90x90.jpg 90w, https:\/\/zadnjanada.com\/wp-content\/uploads\/2023\/09\/rovena-180x180.jpg 180w, https:\/\/zadnjanada.com\/wp-content\/uploads\/2023\/09\/rovena-760x760.jpg 760w, https:\/\/zadnjanada.com\/wp-content\/uploads\/2023\/09\/rovena-740x740.jpg 740w, https:\/\/zadnjanada.com\/wp-content\/uploads\/2023\/09\/rovena-600x600.jpg 600w, https:\/\/zadnjanada.com\/wp-content\/uploads\/2023\/09\/rovena.jpg 1000w\" sizes=\"(max-width: 370px) 100vw, 370px\" \/><\/a><div class=\"trx_addons_hover_content\"><div class=\"sc_team_item_socials socials_wrap trx_addons_hover_info\"><\/div><\/div><div class=\"trx_addons_hover_mask\"><\/div><\/div>\t<div class=\"sc_team_item_info\">\n\t\t<div class=\"sc_team_item_header\">\n\t\t\t<h4 class=\"sc_team_item_title\"><a href=\"https:\/\/zadnjanada.com\/index.php\/team\/rovena\/\">Rovena<\/a><\/h4>\n            <div>Kraljevstvo: <span class=\"team-country\">Lermund<\/span><\/div><div>Godina: <span class=\"team-club\">29<\/span><\/div>\t\t\t<div class=\"sc_team_item_subtitle\"><\/div>\n\t\t<\/div>\n\t<\/div>\n<\/div>\n<\/div><div class=\"trx_addons_column-1_4\"><div class=\"sc_team_item no_links post-288 cpt_team type-cpt_team status-publish has-post-thumbnail hentry cpt_team_group-knights-nobles\">\n\t<div class=\"post_featured sc_team_item_thumb trx_addons_hover trx_addons_hover_style_info\"><a href=\"https:\/\/zadnjanada.com\/index.php\/team\/kraljricard\/\" aria-hidden=\"true\"><img loading=\"lazy\" decoding=\"async\" width=\"370\" height=\"370\" src=\"https:\/\/zadnjanada.com\/wp-content\/uploads\/2023\/09\/ricard-370x370.jpg\" class=\"attachment-trx_addons-thumb-avatar size-trx_addons-thumb-avatar wp-post-image\" alt=\"\" srcset=\"https:\/\/zadnjanada.com\/wp-content\/uploads\/2023\/09\/ricard-370x370.jpg 370w, https:\/\/zadnjanada.com\/wp-content\/uploads\/2023\/09\/ricard-300x300.jpg 300w, https:\/\/zadnjanada.com\/wp-content\/uploads\/2023\/09\/ricard-150x150.jpg 150w, https:\/\/zadnjanada.com\/wp-content\/uploads\/2023\/09\/ricard-768x768.jpg 768w, https:\/\/zadnjanada.com\/wp-content\/uploads\/2023\/09\/ricard-90x90.jpg 90w, https:\/\/zadnjanada.com\/wp-content\/uploads\/2023\/09\/ricard-180x180.jpg 180w, https:\/\/zadnjanada.com\/wp-content\/uploads\/2023\/09\/ricard-760x760.jpg 760w, https:\/\/zadnjanada.com\/wp-content\/uploads\/2023\/09\/ricard-740x740.jpg 740w, https:\/\/zadnjanada.com\/wp-content\/uploads\/2023\/09\/ricard-600x600.jpg 600w, https:\/\/zadnjanada.com\/wp-content\/uploads\/2023\/09\/ricard.jpg 1000w\" sizes=\"(max-width: 370px) 100vw, 370px\" \/><\/a><div class=\"trx_addons_hover_content\"><div class=\"sc_team_item_socials socials_wrap trx_addons_hover_info\"><\/div><\/div><div class=\"trx_addons_hover_mask\"><\/div><\/div>\t<div class=\"sc_team_item_info\">\n\t\t<div class=\"sc_team_item_header\">\n\t\t\t<h4 class=\"sc_team_item_title\"><a href=\"https:\/\/zadnjanada.com\/index.php\/team\/kraljricard\/\">Kralj Ricard<\/a><\/h4>\n            <div>Kraljevstvo: <span class=\"team-country\">Lermund<\/span><\/div><div>Godina: <span class=\"team-club\">62<\/span><\/div>\t\t\t<div class=\"sc_team_item_subtitle\"><\/div>\n\t\t<\/div>\n\t<\/div>\n<\/div>\n<\/div><div class=\"trx_addons_column-1_4\"><div class=\"sc_team_item no_links post-274 cpt_team type-cpt_team status-publish has-post-thumbnail hentry cpt_team_group-knights-nobles\">\n\t<div class=\"post_featured sc_team_item_thumb trx_addons_hover trx_addons_hover_style_info\"><a href=\"https:\/\/zadnjanada.com\/index.php\/team\/carobnjaksaul\/\" aria-hidden=\"true\"><img loading=\"lazy\" decoding=\"async\" width=\"370\" height=\"370\" src=\"https:\/\/zadnjanada.com\/wp-content\/uploads\/2023\/09\/saul-370x370.jpg\" class=\"attachment-trx_addons-thumb-avatar size-trx_addons-thumb-avatar wp-post-image\" alt=\"\" srcset=\"https:\/\/zadnjanada.com\/wp-content\/uploads\/2023\/09\/saul-370x370.jpg 370w, https:\/\/zadnjanada.com\/wp-content\/uploads\/2023\/09\/saul-300x300.jpg 300w, https:\/\/zadnjanada.com\/wp-content\/uploads\/2023\/09\/saul-150x150.jpg 150w, https:\/\/zadnjanada.com\/wp-content\/uploads\/2023\/09\/saul-768x768.jpg 768w, https:\/\/zadnjanada.com\/wp-content\/uploads\/2023\/09\/saul-90x90.jpg 90w, https:\/\/zadnjanada.com\/wp-content\/uploads\/2023\/09\/saul-180x180.jpg 180w, https:\/\/zadnjanada.com\/wp-content\/uploads\/2023\/09\/saul-760x760.jpg 760w, https:\/\/zadnjanada.com\/wp-content\/uploads\/2023\/09\/saul-740x740.jpg 740w, https:\/\/zadnjanada.com\/wp-content\/uploads\/2023\/09\/saul-600x600.jpg 600w, https:\/\/zadnjanada.com\/wp-content\/uploads\/2023\/09\/saul.jpg 1000w\" sizes=\"(max-width: 370px) 100vw, 370px\" \/><\/a><div class=\"trx_addons_hover_content\"><div class=\"sc_team_item_socials socials_wrap trx_addons_hover_info\"><\/div><\/div><div class=\"trx_addons_hover_mask\"><\/div><\/div>\t<div class=\"sc_team_item_info\">\n\t\t<div class=\"sc_team_item_header\">\n\t\t\t<h4 class=\"sc_team_item_title\"><a href=\"https:\/\/zadnjanada.com\/index.php\/team\/carobnjaksaul\/\">Carobnjak Saul<\/a><\/h4>\n            <div>Kraljevstvo: <span class=\"team-country\">Lermund<\/span><\/div><div>Godina: <span class=\"team-club\">83<\/span><\/div>\t\t\t<div class=\"sc_team_item_subtitle\"><\/div>\n\t\t<\/div>\n\t<\/div>\n<\/div>\n<\/div><\/div><\/div><!-- \/.sc_team -->[vc_empty_space height=&#8221;3.3rem&#8221; hide_on_desktop=&#8221;&#8221; hide_on_notebook=&#8221;&#8221; hide_on_tablet=&#8221;&#8221; hide_on_mobile=&#8221;&#8221;][vc_empty_space height=&#8221;3.3rem&#8221; hide_on_desktop=&#8221;&#8221; hide_on_notebook=&#8221;&#8221; hide_on_tablet=&#8221;&#8221; hide_on_mobile=&#8221;&#8221;][vc_empty_space height=&#8221;1.2rem&#8221; hide_on_desktop=&#8221;&#8221; hide_on_notebook=&#8221;&#8221; hide_on_tablet=&#8221;&#8221; hide_on_mobile=&#8221;&#8221;][vc_empty_space height=&#8221;9rem&#8221; hide_on_desktop=&#8221;&#8221; hide_on_notebook=&#8221;&#8221; hide_on_tablet=&#8221;&#8221; hide_on_mobile=&#8221;&#8221;][\/vc_column][\/vc_row]<\/p>\n<\/section>","protected":false},"excerpt":{"rendered":"<p>[vc_row][vc_column icons_position=&#8221;left&#8221;][vc_empty_space height=&#8221;8.1rem&#8221; hide_on_desktop=&#8221;&#8221; hide_on_notebook=&#8221;&#8221; hide_on_tablet=&#8221;&#8221; hide_on_mobile=&#8221;&#8221;][vc_empty_space height=&#8221;10.6rem&#8221; hide_on_desktop=&#8221;&#8221; hide_on_notebook=&#8221;&#8221; hide_on_tablet=&#8221;&#8221; hide_on_mobile=&#8221;&#8221;][\/vc_column][\/vc_row][vc_row full_width=&#8221;stretch_row_content_no_spaces&#8221;][vc_column icons_position=&#8221;left&#8221;][vc_single_image image=&#8221;477&#8243; img_size=&#8221;full&#8221; css=&#8221;.vc_custom_1521552433382{margin-bottom: -1px !important;}&#8221;][\/vc_column][\/vc_row][vc_row full_width=&#8221;stretch_row&#8221; hide_bg_image_on_tablet=&#8221;&#8221; hide_bg_image_on_mobile=&#8221;&#8221; css=&#8221;.vc_custom_1516960988849{background-color: #e8d3b6 !important;}&#8221;][vc_column icons_position=&#8221;left&#8221;][vc_empty_space height=&#8221;8.4rem&#8221; hide_on_desktop=&#8221;&#8221; hide_on_notebook=&#8221;&#8221; hide_on_tablet=&#8221;&#8221; hide_on_mobile=&#8221;&#8221;][vc_empty_space height=&#8221;1.8rem&#8221; hide_on_desktop=&#8221;&#8221; hide_on_notebook=&#8221;&#8221; hide_on_tablet=&#8221;&#8221;&hellip;<\/p>\n","protected":false},"author":1,"featured_media":0,"parent":0,"menu_order":0,"comment_status":"closed","ping_status":"closed","template":"","meta":{"footnotes":""},"yoast_head":"<!-- This site is optimized with the Yoast SEO plugin v21.7 - https:\/\/yoast.com\/wordpress\/plugins\/seo\/ -->\n<title>Opis knjige - Zadnja Nada<\/title>\n<meta name=\"robots\" content=\"index, follow, max-snippet:-1, max-image-preview:large, max-video-preview:-1\" \/>\n<link rel=\"canonical\" href=\"https:\/\/zadnjanada.com\/index.php\/opisknjige\/\" \/>\n<meta property=\"og:locale\" content=\"en_US\" \/>\n<meta property=\"og:type\" content=\"article\" \/>\n<meta property=\"og:title\" content=\"Opis knjige - Zadnja Nada\" \/>\n<meta property=\"og:description\" content=\"[vc_row][vc_column icons_position=&#8221;left&#8221;][vc_empty_space height=&#8221;8.1rem&#8221; hide_on_desktop=&#8221;&#8221; hide_on_notebook=&#8221;&#8221; hide_on_tablet=&#8221;&#8221; hide_on_mobile=&#8221;&#8221;][vc_empty_space height=&#8221;10.6rem&#8221; hide_on_desktop=&#8221;&#8221; hide_on_notebook=&#8221;&#8221; hide_on_tablet=&#8221;&#8221; hide_on_mobile=&#8221;&#8221;][\/vc_column][\/vc_row][vc_row full_width=&#8221;stretch_row_content_no_spaces&#8221;][vc_column icons_position=&#8221;left&#8221;][vc_single_image image=&#8221;477&#8243; img_size=&#8221;full&#8221; css=&#8221;.vc_custom_1521552433382{margin-bottom: -1px !important;}&#8221;][\/vc_column][\/vc_row][vc_row full_width=&#8221;stretch_row&#8221; hide_bg_image_on_tablet=&#8221;&#8221; hide_bg_image_on_mobile=&#8221;&#8221; css=&#8221;.vc_custom_1516960988849{background-color: #e8d3b6 !important;}&#8221;][vc_column icons_position=&#8221;left&#8221;][vc_empty_space height=&#8221;8.4rem&#8221; hide_on_desktop=&#8221;&#8221; hide_on_notebook=&#8221;&#8221; hide_on_tablet=&#8221;&#8221; hide_on_mobile=&#8221;&#8221;][vc_empty_space height=&#8221;1.8rem&#8221; hide_on_desktop=&#8221;&#8221; hide_on_notebook=&#8221;&#8221; hide_on_tablet=&#8221;&#8221;&hellip;\" \/>\n<meta property=\"og:url\" content=\"https:\/\/zadnjanada.com\/index.php\/opisknjige\/\" \/>\n<meta property=\"og:site_name\" content=\"Zadnja Nada\" \/>\n<meta property=\"article:modified_time\" content=\"2023-10-17T14:07:39+00:00\" \/>\n<meta name=\"twitter:card\" content=\"summary_large_image\" \/>\n<meta name=\"twitter:label1\" content=\"Est. reading time\" \/>\n\t<meta name=\"twitter:data1\" content=\"1 minute\" \/>\n<script type=\"application\/ld+json\" class=\"yoast-schema-graph\">{\"@context\":\"https:\/\/schema.org\",\"@graph\":[{\"@type\":\"WebPage\",\"@id\":\"https:\/\/zadnjanada.com\/index.php\/opisknjige\/\",\"url\":\"https:\/\/zadnjanada.com\/index.php\/opisknjige\/\",\"name\":\"Opis knjige - Zadnja Nada\",\"isPartOf\":{\"@id\":\"https:\/\/zadnjanada.com\/#website\"},\"datePublished\":\"2018-01-26T10:11:00+00:00\",\"dateModified\":\"2023-10-17T14:07:39+00:00\",\"breadcrumb\":{\"@id\":\"https:\/\/zadnjanada.com\/index.php\/opisknjige\/#breadcrumb\"},\"inLanguage\":\"en-US\",\"potentialAction\":[{\"@type\":\"ReadAction\",\"target\":[\"https:\/\/zadnjanada.com\/index.php\/opisknjige\/\"]}]},{\"@type\":\"BreadcrumbList\",\"@id\":\"https:\/\/zadnjanada.com\/index.php\/opisknjige\/#breadcrumb\",\"itemListElement\":[{\"@type\":\"ListItem\",\"position\":1,\"name\":\"Home\",\"item\":\"https:\/\/zadnjanada.com\/\"},{\"@type\":\"ListItem\",\"position\":2,\"name\":\"Opis knjige\"}]},{\"@type\":\"WebSite\",\"@id\":\"https:\/\/zadnjanada.com\/#website\",\"url\":\"https:\/\/zadnjanada.com\/\",\"name\":\"Zadnja Nada\",\"description\":\"Nemanja Ranitovi\u0107\",\"publisher\":{\"@id\":\"https:\/\/zadnjanada.com\/#organization\"},\"potentialAction\":[{\"@type\":\"SearchAction\",\"target\":{\"@type\":\"EntryPoint\",\"urlTemplate\":\"https:\/\/zadnjanada.com\/?s={search_term_string}\"},\"query-input\":\"required name=search_term_string\"}],\"inLanguage\":\"en-US\"},{\"@type\":\"Organization\",\"@id\":\"https:\/\/zadnjanada.com\/#organization\",\"name\":\"Zadnja Nada\",\"url\":\"https:\/\/zadnjanada.com\/\",\"logo\":{\"@type\":\"ImageObject\",\"inLanguage\":\"en-US\",\"@id\":\"https:\/\/zadnjanada.com\/#\/schema\/logo\/image\/\",\"url\":\"https:\/\/zadnjanada.com\/wp-content\/uploads\/2023\/09\/zadnja-nada-logo.png\",\"contentUrl\":\"https:\/\/zadnjanada.com\/wp-content\/uploads\/2023\/09\/zadnja-nada-logo.png\",\"width\":1080,\"height\":303,\"caption\":\"Zadnja Nada\"},\"image\":{\"@id\":\"https:\/\/zadnjanada.com\/#\/schema\/logo\/image\/\"}}]}<\/script>\n<!-- \/ Yoast SEO plugin. -->","yoast_head_json":{"title":"Opis knjige - Zadnja Nada","robots":{"index":"index","follow":"follow","max-snippet":"max-snippet:-1","max-image-preview":"max-image-preview:large","max-video-preview":"max-video-preview:-1"},"canonical":"https:\/\/zadnjanada.com\/index.php\/opisknjige\/","og_locale":"en_US","og_type":"article","og_title":"Opis knjige - Zadnja Nada","og_description":"[vc_row][vc_column icons_position=&#8221;left&#8221;][vc_empty_space height=&#8221;8.1rem&#8221; hide_on_desktop=&#8221;&#8221; hide_on_notebook=&#8221;&#8221; hide_on_tablet=&#8221;&#8221; hide_on_mobile=&#8221;&#8221;][vc_empty_space height=&#8221;10.6rem&#8221; hide_on_desktop=&#8221;&#8221; hide_on_notebook=&#8221;&#8221; hide_on_tablet=&#8221;&#8221; hide_on_mobile=&#8221;&#8221;][\/vc_column][\/vc_row][vc_row full_width=&#8221;stretch_row_content_no_spaces&#8221;][vc_column icons_position=&#8221;left&#8221;][vc_single_image image=&#8221;477&#8243; img_size=&#8221;full&#8221; css=&#8221;.vc_custom_1521552433382{margin-bottom: -1px !important;}&#8221;][\/vc_column][\/vc_row][vc_row full_width=&#8221;stretch_row&#8221; hide_bg_image_on_tablet=&#8221;&#8221; hide_bg_image_on_mobile=&#8221;&#8221; css=&#8221;.vc_custom_1516960988849{background-color: #e8d3b6 !important;}&#8221;][vc_column icons_position=&#8221;left&#8221;][vc_empty_space height=&#8221;8.4rem&#8221; hide_on_desktop=&#8221;&#8221; hide_on_notebook=&#8221;&#8221; hide_on_tablet=&#8221;&#8221; hide_on_mobile=&#8221;&#8221;][vc_empty_space height=&#8221;1.8rem&#8221; hide_on_desktop=&#8221;&#8221; hide_on_notebook=&#8221;&#8221; hide_on_tablet=&#8221;&#8221;&hellip;","og_url":"https:\/\/zadnjanada.com\/index.php\/opisknjige\/","og_site_name":"Zadnja Nada","article_modified_time":"2023-10-17T14:07:39+00:00","twitter_card":"summary_large_image","twitter_misc":{"Est. reading time":"1 minute"},"schema":{"@context":"https:\/\/schema.org","@graph":[{"@type":"WebPage","@id":"https:\/\/zadnjanada.com\/index.php\/opisknjige\/","url":"https:\/\/zadnjanada.com\/index.php\/opisknjige\/","name":"Opis knjige - Zadnja Nada","isPartOf":{"@id":"https:\/\/zadnjanada.com\/#website"},"datePublished":"2018-01-26T10:11:00+00:00","dateModified":"2023-10-17T14:07:39+00:00","breadcrumb":{"@id":"https:\/\/zadnjanada.com\/index.php\/opisknjige\/#breadcrumb"},"inLanguage":"en-US","potentialAction":[{"@type":"ReadAction","target":["https:\/\/zadnjanada.com\/index.php\/opisknjige\/"]}]},{"@type":"BreadcrumbList","@id":"https:\/\/zadnjanada.com\/index.php\/opisknjige\/#breadcrumb","itemListElement":[{"@type":"ListItem","position":1,"name":"Home","item":"https:\/\/zadnjanada.com\/"},{"@type":"ListItem","position":2,"name":"Opis knjige"}]},{"@type":"WebSite","@id":"https:\/\/zadnjanada.com\/#website","url":"https:\/\/zadnjanada.com\/","name":"Zadnja Nada","description":"Nemanja Ranitovi\u0107","publisher":{"@id":"https:\/\/zadnjanada.com\/#organization"},"potentialAction":[{"@type":"SearchAction","target":{"@type":"EntryPoint","urlTemplate":"https:\/\/zadnjanada.com\/?s={search_term_string}"},"query-input":"required name=search_term_string"}],"inLanguage":"en-US"},{"@type":"Organization","@id":"https:\/\/zadnjanada.com\/#organization","name":"Zadnja Nada","url":"https:\/\/zadnjanada.com\/","logo":{"@type":"ImageObject","inLanguage":"en-US","@id":"https:\/\/zadnjanada.com\/#\/schema\/logo\/image\/","url":"https:\/\/zadnjanada.com\/wp-content\/uploads\/2023\/09\/zadnja-nada-logo.png","contentUrl":"https:\/\/zadnjanada.com\/wp-content\/uploads\/2023\/09\/zadnja-nada-logo.png","width":1080,"height":303,"caption":"Zadnja Nada"},"image":{"@id":"https:\/\/zadnjanada.com\/#\/schema\/logo\/image\/"}}]}},"_links":{"self":[{"href":"https:\/\/zadnjanada.com\/index.php\/wp-json\/wp\/v2\/pages\/299"}],"collection":[{"href":"https:\/\/zadnjanada.com\/index.php\/wp-json\/wp\/v2\/pages"}],"about":[{"href":"https:\/\/zadnjanada.com\/index.php\/wp-json\/wp\/v2\/types\/page"}],"author":[{"embeddable":true,"href":"https:\/\/zadnjanada.com\/index.php\/wp-json\/wp\/v2\/users\/1"}],"replies":[{"embeddable":true,"href":"https:\/\/zadnjanada.com\/index.php\/wp-json\/wp\/v2\/comments?post=299"}],"version-history":[{"count":7,"href":"https:\/\/zadnjanada.com\/index.php\/wp-json\/wp\/v2\/pages\/299\/revisions"}],"predecessor-version":[{"id":1457,"href":"https:\/\/zadnjanada.com\/index.php\/wp-json\/wp\/v2\/pages\/299\/revisions\/1457"}],"wp:attachment":[{"href":"https:\/\/zadnjanada.com\/index.php\/wp-json\/wp\/v2\/media?parent=299"}],"curies":[{"name":"wp","href":"https:\/\/api.w.org\/{rel}","templated":true}]}}